{"id":131,"date":"2025-10-08T15:17:45","date_gmt":"2025-10-08T13:17:45","guid":{"rendered":"https:\/\/assicurazioni.tech\/?page_id=131"},"modified":"2025-11-05T22:33:01","modified_gmt":"2025-11-05T21:33:01","slug":"chi-siamo","status":"publish","type":"page","link":"https:\/\/assicurazioni.tech\/index.php\/chi-siamo\/","title":{"rendered":"Chi Siamo"},"content":{"rendered":"<p>[et_pb_section fb_built=&#8221;1&#8243; fullwidth=&#8221;on&#8221; admin_label=&#8221;Hero Section&#8221; _builder_version=&#8221;4.16&#8243; hover_enabled=&#8221;0&#8243; global_colors_info=&#8221;{}&#8221; sticky_enabled=&#8221;0&#8243;][et_pb_fullwidth_header subhead=&#8221;Chi Siamo&#8221; background_overlay_color=&#8221;rgba(0,0,0,0.8)&#8221; content_max_width=&#8221;700px&#8221; _builder_version=&#8221;4.27.4&#8243; title_font=&#8221;Quicksand|700||on|||||&#8221; title_text_color=&#8221;#DF7B30&#8243; title_font_size=&#8221;24px&#8221; title_letter_spacing=&#8221;2px&#8221; title_line_height=&#8221;1.8em&#8221; subhead_font=&#8221;Montserrat|700||||on|||&#8221; subhead_font_size=&#8221;60px&#8221; subhead_letter_spacing=&#8221;2px&#8221; background_color=&#8221;rgba(255, 255, 255, 0)&#8221; background_image=&#8221;http:\/\/assicurazioni.tech\/wp-content\/uploads\/2025\/10\/headChiSiamoB.jpg&#8221; parallax=&#8221;on&#8221; parallax_method=&#8221;on&#8221; custom_button_one=&#8221;on&#8221; button_one_border_width=&#8221;1px&#8221; button_one_border_color=&#8221;rgba(255,255,255,0.3)&#8221; button_one_border_radius=&#8221;0px&#8221; button_one_letter_spacing=&#8221;2px&#8221; button_one_font=&#8221;Montserrat|||on|||||&#8221; button_one_icon=&#8221;&#x24;||divi||400&#8243; button_one_icon_color=&#8221;#000000&#8243; custom_button_two=&#8221;on&#8221; button_two_border_width=&#8221;1px&#8221; button_two_border_color=&#8221;rgba(255,255,255,0.3)&#8221; button_two_border_radius=&#8221;0px&#8221; button_two_letter_spacing=&#8221;2px&#8221; button_two_font=&#8221;Montserrat|600||on|||||&#8221; button_two_icon=&#8221;&#x24;||divi||400&#8243; button_two_icon_color=&#8221;#000000&#8243; module_alignment=&#8221;right&#8221; custom_margin=&#8221;|||&#8221; custom_padding=&#8221;10%||10%||false|false&#8221; hover_enabled=&#8221;0&#8243; button_one_text_color_hover=&#8221;#edbb5f&#8221; button_two_text_color_hover=&#8221;#edbb5f&#8221; button_one_bg_color_hover=&#8221;rgba(0,0,0,0)&#8221; button_two_bg_color_hover=&#8221;rgba(0,0,0,0)&#8221; locked=&#8221;off&#8221; global_colors_info=&#8221;{}&#8221; button_one_text_size__hover_enabled=&#8221;off&#8221; button_two_text_size__hover_enabled=&#8221;off&#8221; button_one_text_color__hover_enabled=&#8221;on|hover&#8221; button_one_text_color__hover=&#8221;#222222&#8243; button_two_text_color__hover_enabled=&#8221;on|desktop&#8221; button_two_text_color__hover=&#8221;#222222&#8243; button_one_border_width__hover_enabled=&#8221;off&#8221; button_two_border_width__hover_enabled=&#8221;off&#8221; button_one_border_color__hover_enabled=&#8221;off&#8221; button_two_border_color__hover_enabled=&#8221;off&#8221; button_one_border_radius__hover_enabled=&#8221;off&#8221; button_two_border_radius__hover_enabled=&#8221;off&#8221; button_one_letter_spacing__hover_enabled=&#8221;off&#8221; button_two_letter_spacing__hover_enabled=&#8221;off&#8221; button_one_bg_color__hover_enabled=&#8221;on|hover&#8221; button_one_bg_color__hover=&#8221;#FFFFFF&#8221; button_two_bg_color__hover_enabled=&#8221;on&#8221; button_two_bg_color__hover=&#8221;#FFFFFF&#8221; button_one_bg_enable_color__hover=&#8221;on&#8221; button_two_bg_enable_color__hover=&#8221;on&#8221; subhead_font_size_last_edited=&#8221;on|phone&#8221; subhead_font_size_phone=&#8221;34px&#8221; sticky_enabled=&#8221;0&#8243; custom_padding_last_edited=&#8221;on|phone&#8221; custom_padding_phone=&#8221;6%||6%||true|false&#8221; subhead_font_size_tablet=&#8221;60px&#8221; custom_padding_tablet=&#8221;10%||10%||false|false&#8221;][\/et_pb_fullwidth_header][\/et_pb_section][et_pb_section fb_built=&#8221;1&#8243; admin_label=&#8221;Statistics&#8221; _builder_version=&#8221;4.27.4&#8243; custom_padding=&#8221;4%||6%||false|false&#8221; global_colors_info=&#8221;{}&#8221;][et_pb_row column_structure=&#8221;1_2,1_4,1_4&#8243; _builder_version=&#8221;4.27.4&#8243; global_colors_info=&#8221;{}&#8221;][et_pb_column type=&#8221;1_2&#8243; _builder_version=&#8221;4.27.4&#8243; custom_padding=&#8221;||||false|false&#8221; global_colors_info=&#8221;{}&#8221; custom_padding__hover=&#8221;|||&#8221;][et_pb_text _builder_version=&#8221;4.27.4&#8243; text_font=&#8221;||||||||&#8221; header_font=&#8221;||||||||&#8221; header_2_font=&#8221;Montserrat|700|||||||&#8221; header_2_text_color=&#8221;#222222&#8243; header_2_font_size=&#8221;38px&#8221; header_2_letter_spacing=&#8221;1px&#8221; header_2_line_height=&#8221;1.4em&#8221; header_3_font=&#8221;Quicksand|700||on|||||&#8221; header_3_text_color=&#8221;#DF7B30&#8243; header_3_font_size=&#8221;16px&#8221; header_3_letter_spacing=&#8221;1px&#8221; max_width=&#8221;550px&#8221; custom_margin=&#8221;||||false|false&#8221; custom_padding=&#8221;||||false|false&#8221; hover_enabled=&#8221;0&#8243; locked=&#8221;off&#8221; global_colors_info=&#8221;{}&#8221; sticky_enabled=&#8221;0&#8243; header_2_font_size_last_edited=&#8221;on|phone&#8221; header_2_font_size_phone=&#8221;26px&#8221; header_2_font_size_tablet=&#8221;38px&#8221;]<\/p>\n<h3>la nostra esperienza<\/h3>\n<h2>Leader nella consulenza e nella gestione dei rischi aziendali<\/h2>\n<p>[\/et_pb_text][et_pb_divider color=&#8221;#DF7B30&#8243; divider_weight=&#8221;2px&#8221; _builder_version=&#8221;4.16&#8243; max_width=&#8221;60px&#8221; module_alignment=&#8221;left&#8221; height=&#8221;2px&#8221; locked=&#8221;off&#8221; global_colors_info=&#8221;{}&#8221;][\/et_pb_divider][et_pb_text _builder_version=&#8221;4.27.4&#8243; text_font=&#8221;Raleway||||||||&#8221; text_text_color=&#8221;#222222&#8243; text_font_size=&#8221;16px&#8221; text_letter_spacing=&#8221;1px&#8221; text_line_height=&#8221;2em&#8221; max_width=&#8221;550px&#8221; locked=&#8221;off&#8221; global_colors_info=&#8221;{}&#8221;]Assicurazioni.tech \u00e8 la realt\u00e0 che colma la distanza tra le esigenze delle imprese e le soluzioni assicurative pi\u00f9 avanzate.<br \/>\nOffriamo consulenza professionale, valutazione puntuale dei rischi e programmi personalizzati per ogni settore, promuovendo servizi tecnologici d\u2019avanguardia a supporto delle attivit\u00e0 di Loss Prevention.[\/et_pb_text][\/et_pb_column][et_pb_column type=&#8221;1_4&#8243; _builder_version=&#8221;4.16&#8243; custom_padding=&#8221;|||&#8221; global_colors_info=&#8221;{}&#8221; custom_padding__hover=&#8221;|||&#8221;][et_pb_circle_counter title=&#8221;clienti soddisfatti dal nostro servizio di consulenza e assistenza sinistri&#8221; number=&#8221;98%&#8221; bar_bg_color=&#8221;#edbb5f&#8221; _builder_version=&#8221;4.27.4&#8243; title_font=&#8221;Raleway|700||on|||||&#8221; title_font_size=&#8221;14px&#8221; title_letter_spacing=&#8221;1px&#8221; title_line_height=&#8221;2.4em&#8221; number_font=&#8221;Playfair Display|700|||||||&#8221; number_text_color=&#8221;#000000&#8243; number_font_size=&#8221;60px&#8221; max_width_last_edited=&#8221;off|desktop&#8221; animation_style=&#8221;zoom&#8221; locked=&#8221;off&#8221; global_colors_info=&#8221;{}&#8221;][\/et_pb_circle_counter][\/et_pb_column][et_pb_column type=&#8221;1_4&#8243; _builder_version=&#8221;4.16&#8243; custom_padding=&#8221;30px|||&#8221; global_colors_info=&#8221;{}&#8221; custom_padding__hover=&#8221;|||&#8221;][et_pb_circle_counter title=&#8221;sinistri gestiti e liquidati nei tempi standard di mercato o inferiori&#8221; number=&#8221;95&#8243; bar_bg_color=&#8221;#f3cd7e&#8221; _builder_version=&#8221;4.27.4&#8243; title_font=&#8221;Raleway|700||on|||||&#8221; title_font_size=&#8221;14px&#8221; title_letter_spacing=&#8221;1px&#8221; title_line_height=&#8221;2.4em&#8221; number_font=&#8221;Playfair Display|700|||||||&#8221; number_text_color=&#8221;#000000&#8243; number_font_size=&#8221;37px&#8221; max_width=&#8221;150px&#8221; max_width_last_edited=&#8221;off|desktop&#8221; animation_style=&#8221;zoom&#8221; animation_delay=&#8221;200ms&#8221; locked=&#8221;off&#8221; global_colors_info=&#8221;{}&#8221;][\/et_pb_circle_counter][\/et_pb_column][\/et_pb_row][\/et_pb_section][et_pb_section fb_built=&#8221;1&#8243; admin_label=&#8221;Team&#8221; _builder_version=&#8221;4.27.4&#8243; background_color=&#8221;#282828&#8243; background_image=&#8221;http:\/\/assicurazioni.tech\/wp-content\/uploads\/2025\/10\/consultant-11.jpg&#8221; background_blend=&#8221;multiply&#8221; custom_padding=&#8221;4%|0px|6%|0px|false|false&#8221; global_colors_info=&#8221;{}&#8221;][et_pb_row _builder_version=&#8221;4.16&#8243; custom_padding=&#8221;27px|0px|27px|0px&#8221; global_colors_info=&#8221;{}&#8221;][et_pb_column type=&#8221;4_4&#8243; _builder_version=&#8221;4.16&#8243; custom_padding=&#8221;|||&#8221; global_colors_info=&#8221;{}&#8221; custom_padding__hover=&#8221;|||&#8221;][et_pb_text _builder_version=&#8221;4.27.4&#8243; text_font=&#8221;||||||||&#8221; header_font=&#8221;||||||||&#8221; header_2_font=&#8221;Montserrat|700|||||||&#8221; header_2_font_size=&#8221;38px&#8221; header_2_letter_spacing=&#8221;1px&#8221; header_2_line_height=&#8221;1.4em&#8221; header_3_font=&#8221;Quicksand|700||on|||||&#8221; header_3_text_color=&#8221;#edbb5f&#8221; header_3_font_size=&#8221;18px&#8221; header_3_letter_spacing=&#8221;1px&#8221; header_3_line_height=&#8221;1.4em&#8221; text_orientation=&#8221;center&#8221; background_layout=&#8221;dark&#8221; max_width=&#8221;7000px&#8221; hover_enabled=&#8221;0&#8243; locked=&#8221;off&#8221; global_colors_info=&#8221;{}&#8221; header_2_font_size_last_edited=&#8221;on|phone&#8221; header_2_font_size_phone=&#8221;26px&#8221; sticky_enabled=&#8221;0&#8243; header_2_font_size_tablet=&#8221;38px&#8221;]<\/p>\n<h3>Competenza e innovazione<\/h3>\n<h2>Il nostro approccio alla consulenza<\/h2>\n<p>[\/et_pb_text][et_pb_divider color=&#8221;#edbb5f&#8221; divider_weight=&#8221;2px&#8221; _builder_version=&#8221;4.27.4&#8243; max_width=&#8221;60px&#8221; module_alignment=&#8221;center&#8221; height=&#8221;2px&#8221; locked=&#8221;off&#8221; global_colors_info=&#8221;{}&#8221;][\/et_pb_divider][\/et_pb_column][\/et_pb_row][et_pb_row _builder_version=&#8221;4.16&#8243; custom_margin=&#8221;|||&#8221; custom_padding=&#8221;|||&#8221; custom_width_px=&#8221;1440px&#8221; global_colors_info=&#8221;{}&#8221;][et_pb_column type=&#8221;4_4&#8243; _builder_version=&#8221;4.16&#8243; custom_padding=&#8221;|||&#8221; global_colors_info=&#8221;{}&#8221; custom_padding__hover=&#8221;|||&#8221;][et_pb_text _builder_version=&#8221;4.27.4&#8243; _module_preset=&#8221;default&#8221; text_font=&#8221;Raleway||||||||&#8221; text_text_color=&#8221;#FFFFFF&#8221; text_font_size=&#8221;18px&#8221; text_letter_spacing=&#8221;1px&#8221; text_line_height=&#8221;2em&#8221; text_orientation=&#8221;center&#8221; max_width=&#8221;90%&#8221; module_alignment=&#8221;center&#8221; global_colors_info=&#8221;{}&#8221;]<\/p>\n<p>Mettiamo le esigenze dei nostri clienti al centro: analizziamo e valutiamo i rischi specifici, sviluppiamo soluzioni su misura e gestiamo ogni sinistro con rapidit\u00e0 e precisione. Il nostro obiettivo \u00e8 offrire assistenza costante e massima trasparenza, accompagnando le aziende dalla fase di preventivo fino alla completa liquidazione.<\/p>\n<p>[\/et_pb_text][\/et_pb_column][\/et_pb_row][\/et_pb_section][et_pb_section fb_built=&#8221;1&#8243; admin_label=&#8221;Feature &#8211; Image Left&#8221; _builder_version=&#8221;4.27.4&#8243; custom_margin=&#8221;|||&#8221; custom_padding=&#8221;6%|0px|10%|0px|false|false&#8221; locked=&#8221;off&#8221; global_colors_info=&#8221;{}&#8221;][et_pb_row column_structure=&#8221;1_2,1_2&#8243; use_custom_gutter=&#8221;on&#8221; gutter_width=&#8221;4&#8243; _builder_version=&#8221;4.16&#8243; animation_style=&#8221;fade&#8221; global_colors_info=&#8221;{}&#8221;][et_pb_column type=&#8221;1_2&#8243; _builder_version=&#8221;4.16&#8243; custom_padding=&#8221;|||&#8221; global_colors_info=&#8221;{}&#8221; custom_padding__hover=&#8221;|||&#8221;][et_pb_image src=&#8221;http:\/\/assicurazioni.tech\/wp-content\/uploads\/2025\/10\/assMiss.jpg&#8221; title_text=&#8221;assMiss&#8221; align_tablet=&#8221;center&#8221; align_phone=&#8221;center&#8221; align_last_edited=&#8221;on|desktop&#8221; _builder_version=&#8221;4.27.4&#8243; animation_style=&#8221;fade&#8221; box_shadow_style=&#8221;preset4&#8243; box_shadow_horizontal=&#8221;-80px&#8221; box_shadow_vertical=&#8221;50px&#8221; box_shadow_color=&#8221;rgba(12,12,12,0.03)&#8221; box_shadow_vertical_tablet=&#8221;50px&#8221; box_shadow_vertical_phone=&#8221;25px&#8221; box_shadow_vertical_last_edited=&#8221;on|tablet&#8221; global_colors_info=&#8221;{}&#8221;][\/et_pb_image][\/et_pb_column][et_pb_column type=&#8221;1_2&#8243; _builder_version=&#8221;4.16&#8243; custom_padding=&#8221;5%|||&#8221; global_colors_info=&#8221;{}&#8221; custom_padding__hover=&#8221;|||&#8221;][et_pb_text _builder_version=&#8221;4.27.4&#8243; text_font=&#8221;||||||||&#8221; header_font=&#8221;||||||||&#8221; header_2_font=&#8221;Montserrat|700|||||||&#8221; header_2_text_color=&#8221;#222222&#8243; header_2_font_size=&#8221;38px&#8221; header_2_letter_spacing=&#8221;1px&#8221; header_2_line_height=&#8221;1.4em&#8221; header_3_font=&#8221;Quicksand|700||on|||||&#8221; header_3_text_color=&#8221;#DF7B30&#8243; header_3_font_size=&#8221;16px&#8221; header_3_letter_spacing=&#8221;1px&#8221; max_width=&#8221;550px&#8221; custom_margin=&#8221;||||false|false&#8221; custom_padding=&#8221;||||false|false&#8221; hover_enabled=&#8221;0&#8243; global_colors_info=&#8221;{}&#8221; header_2_font_size_last_edited=&#8221;on|phone&#8221; header_2_font_size_phone=&#8221;26px&#8221; sticky_enabled=&#8221;0&#8243; header_2_font_size_tablet=&#8221;38px&#8221;]<\/p>\n<h3>La nostra filosofia<\/h3>\n<h2>Mission &amp; Valori<\/h2>\n<p>[\/et_pb_text][et_pb_divider color=&#8221;#DF7B30&#8243; divider_weight=&#8221;2px&#8221; _builder_version=&#8221;4.27.4&#8243; max_width=&#8221;60px&#8221; module_alignment=&#8221;left&#8221; height=&#8221;2px&#8221; global_colors_info=&#8221;{}&#8221;][\/et_pb_divider][et_pb_text _builder_version=&#8221;4.27.4&#8243; text_font=&#8221;Raleway||||||||&#8221; text_text_color=&#8221;#222222&#8243; text_font_size=&#8221;16px&#8221; text_letter_spacing=&#8221;1px&#8221; text_line_height=&#8221;2em&#8221; max_width=&#8221;550px&#8221; global_colors_info=&#8221;{}&#8221;]<\/p>\n<p>La mission di Assicurazioni.tech \u00e8 portare valore ai clienti rappresentando l\u2019eccellenza del brokeraggio assicurativo, con un team di professionisti al servizio dell\u2019innovazione.<\/p>\n<p>I nostri valori sono:<\/p>\n<ul>\n<li>Integrit\u00e0<\/li>\n<li>Orientamento al cliente<\/li>\n<li>Lavoro di squadra<\/li>\n<li>Massimizzazione del potenziale individuale<\/li>\n<li>Rispetto della diversit\u00e0<\/li>\n<\/ul>\n<p>[\/et_pb_text][\/et_pb_column][\/et_pb_row][\/et_pb_section]<\/p>\n","protected":false},"excerpt":{"rendered":"<p>la nostra esperienza Leader nella consulenza e nella gestione dei rischi aziendaliAssicurazioni.tech \u00e8 la realt\u00e0 che colma la distanza tra le esigenze delle imprese e le soluzioni assicurative pi\u00f9 avanzate. Offriamo consulenza professionale, valutazione puntuale dei rischi e programmi personalizzati per ogni settore, promuovendo servizi tecnologici d\u2019avanguardia a supporto delle attivit\u00e0 di Loss Prevention.Competenza e [&hellip;]<\/p>\n","protected":false},"author":1,"featured_media":0,"parent":0,"menu_order":0,"comment_status":"closed","ping_status":"closed","template":"","meta":{"_et_pb_use_builder":"on","_et_pb_old_content":"","_et_gb_content_width":"","footnotes":""},"class_list":["post-131","page","type-page","status-publish","hentry"],"_links":{"self":[{"href":"https:\/\/assicurazioni.tech\/index.php\/wp-json\/wp\/v2\/pages\/131","targetHints":{"allow":["GET"]}}],"collection":[{"href":"https:\/\/assicurazioni.tech\/index.php\/wp-json\/wp\/v2\/pages"}],"about":[{"href":"https:\/\/assicurazioni.tech\/index.php\/wp-json\/wp\/v2\/types\/page"}],"author":[{"embeddable":true,"href":"https:\/\/assicurazioni.tech\/index.php\/wp-json\/wp\/v2\/users\/1"}],"replies":[{"embeddable":true,"href":"https:\/\/assicurazioni.tech\/index.php\/wp-json\/wp\/v2\/comments?post=131"}],"version-history":[{"count":11,"href":"https:\/\/assicurazioni.tech\/index.php\/wp-json\/wp\/v2\/pages\/131\/revisions"}],"predecessor-version":[{"id":349,"href":"https:\/\/assicurazioni.tech\/index.php\/wp-json\/wp\/v2\/pages\/131\/revisions\/349"}],"wp:attachment":[{"href":"https:\/\/assicurazioni.tech\/index.php\/wp-json\/wp\/v2\/media?parent=131"}],"curies":[{"name":"wp","href":"https:\/\/api.w.org\/{rel}","templated":true}]}}